{"id":37006,"date":"2020-07-12T09:52:07","date_gmt":"2020-07-12T07:52:07","guid":{"rendered":"https:\/\/vayu.se\/?post_type=product&#038;p=37006"},"modified":"2023-11-07T21:33:38","modified_gmt":"2023-11-07T20:33:38","slug":"ashtangayoga-halva-forsta-serien-till-navasana","status":"publish","type":"product","link":"https:\/\/vayu.se\/?product=ashtangayoga-halva-forsta-serien-till-navasana","title":{"rendered":"Film: Ashtangayoga, halva f\u00f6rsta serien (till Navasana)"},"content":{"rendered":"<p>V\u00e4lkommen till en Ashtangayogaklass som vi leder till Navasana..&nbsp;<\/p>\n<p>OBS! Efter ditt k\u00f6p m\u00e5ste du ladda ned filmen inom 30 dagar.<\/p>\n","protected":false},"excerpt":{"rendered":"<p>V\u00e4lkommen till en Ashtangayogaklass som vi leder till Navasana..&nbsp; OBS! Efter ditt k\u00f6p m\u00e5ste du ladda ned filmen inom 30 dagar.<\/p>\n","protected":false},"featured_media":36971,"template":"","meta":{"ngg_post_thumbnail":0},"product_brand":[],"product_cat":[],"product_tag":[],"class_list":{"0":"post-37006","1":"product","2":"type-product","3":"status-publish","4":"has-post-thumbnail","6":"et-bg-layout-dark","7":"et-white-bg","9":"first","10":"instock","11":"downloadable","12":"virtual","13":"taxable","14":"purchasable","15":"product-type-simple"},"aioseo_notices":[],"_links":{"self":[{"href":"https:\/\/vayu.se\/index.php?rest_route=\/wp\/v2\/product\/37006"}],"collection":[{"href":"https:\/\/vayu.se\/index.php?rest_route=\/wp\/v2\/product"}],"about":[{"href":"https:\/\/vayu.se\/index.php?rest_route=\/wp\/v2\/types\/product"}],"wp:featuredmedia":[{"embeddable":true,"href":"https:\/\/vayu.se\/index.php?rest_route=\/wp\/v2\/media\/36971"}],"wp:attachment":[{"href":"https:\/\/vayu.se\/index.php?rest_route=%2Fwp%2Fv2%2Fmedia&parent=37006"}],"wp:term":[{"taxonomy":"product_brand","embeddable":true,"href":"https:\/\/vayu.se\/index.php?rest_route=%2Fwp%2Fv2%2Fproduct_brand&post=37006"},{"taxonomy":"product_cat","embeddable":true,"href":"https:\/\/vayu.se\/index.php?rest_route=%2Fwp%2Fv2%2Fproduct_cat&post=37006"},{"taxonomy":"product_tag","embeddable":true,"href":"https:\/\/vayu.se\/index.php?rest_route=%2Fwp%2Fv2%2Fproduct_tag&post=37006"}],"curies":[{"name":"wp","href":"https:\/\/api.w.org\/{rel}","templated":true}]}}