{"id":36927,"date":"2020-05-04T22:02:14","date_gmt":"2020-05-04T20:02:14","guid":{"rendered":"https:\/\/vayu.se\/?post_type=product&#038;p=36927"},"modified":"2023-01-29T12:44:31","modified_gmt":"2023-01-29T11:44:31","slug":"lugn-yoga-med-staende-rorelser","status":"publish","type":"product","link":"https:\/\/vayu.se\/?product=lugn-yoga-med-staende-rorelser","title":{"rendered":"Film: Lugn yoga med st\u00e5ende r\u00f6relser"},"content":{"rendered":"<p>V\u00e4lkommen till en lugnare klass med st\u00e5ende, sittande och liggande r\u00f6relser. Den motsvarar v\u00e5r L\u00e4ttvinyasa st\u00e5ende p\u00e5 schemat.<\/p>\n<p>OBS! Efter ditt k\u00f6p m\u00e5ste du ladda ned filmen inom 30 dagar.<\/p>\n","protected":false},"excerpt":{"rendered":"<p>V\u00e4lkommen till en lugnare klass med st\u00e5ende, sittande och liggande r\u00f6relser. Den motsvarar v\u00e5r L\u00e4ttvinyasa st\u00e5ende p\u00e5 schemat. OBS! Efter ditt k\u00f6p m\u00e5ste du ladda ned filmen inom 30 dagar.<\/p>\n","protected":false},"featured_media":36928,"template":"","meta":{"ngg_post_thumbnail":0},"product_brand":[],"product_cat":[],"product_tag":[],"class_list":{"0":"post-36927","1":"product","2":"type-product","3":"status-publish","4":"has-post-thumbnail","6":"et-bg-layout-dark","7":"et-white-bg","9":"first","10":"instock","11":"downloadable","12":"virtual","13":"taxable","14":"purchasable","15":"product-type-simple"},"aioseo_notices":[],"_links":{"self":[{"href":"https:\/\/vayu.se\/index.php?rest_route=\/wp\/v2\/product\/36927"}],"collection":[{"href":"https:\/\/vayu.se\/index.php?rest_route=\/wp\/v2\/product"}],"about":[{"href":"https:\/\/vayu.se\/index.php?rest_route=\/wp\/v2\/types\/product"}],"wp:featuredmedia":[{"embeddable":true,"href":"https:\/\/vayu.se\/index.php?rest_route=\/wp\/v2\/media\/36928"}],"wp:attachment":[{"href":"https:\/\/vayu.se\/index.php?rest_route=%2Fwp%2Fv2%2Fmedia&parent=36927"}],"wp:term":[{"taxonomy":"product_brand","embeddable":true,"href":"https:\/\/vayu.se\/index.php?rest_route=%2Fwp%2Fv2%2Fproduct_brand&post=36927"},{"taxonomy":"product_cat","embeddable":true,"href":"https:\/\/vayu.se\/index.php?rest_route=%2Fwp%2Fv2%2Fproduct_cat&post=36927"},{"taxonomy":"product_tag","embeddable":true,"href":"https:\/\/vayu.se\/index.php?rest_route=%2Fwp%2Fv2%2Fproduct_tag&post=36927"}],"curies":[{"name":"wp","href":"https:\/\/api.w.org\/{rel}","templated":true}]}}