{"id":80,"date":"2015-08-12T21:44:45","date_gmt":"2015-08-12T21:44:45","guid":{"rendered":"http:\/\/192.168.0.24\/Vayu\/?page_id=80"},"modified":"2025-05-01T09:14:52","modified_gmt":"2025-05-01T07:14:52","slug":"vara-larare","status":"publish","type":"page","link":"https:\/\/vayu.se\/?page_id=80","title":{"rendered":"V\u00e5ra l\u00e4rare"},"content":{"rendered":"<h3>Klicka p\u00e5 bilderna f\u00f6r att l\u00e4sa om v\u00e5ra l\u00e4rare!<\/h3>\n<div id=\"attachment_184\" style=\"width: 5010px\" class=\"wp-caption aligncenter\"><a title=\"Bodil Dahlqvist\" href=\"http:\/\/vayu.se\/?page_id=267\"><img loading=\"lazy\" decoding=\"async\" aria-describedby=\"caption-attachment-184\" class=\"wp-image-184 size-full\" src=\"http:\/\/vayu.se\/wp-content\/uploads\/2016\/08\/160508Vayuportrait-27.jpg\" width=\"5000\" height=\"3337\"><\/a><p id=\"caption-attachment-184\" class=\"wp-caption-text\">Bodil Dahlqvist Johansson<\/p><\/div>\n<p>&nbsp;<\/p>\n<p>&nbsp;<\/p>\n<div id=\"attachment_186\" style=\"width: 5010px\" class=\"wp-caption aligncenter\"><a title=\"Birgitta Kjellin\" href=\"https:\/\/vayu.se\/?page_id=37182\"><img loading=\"lazy\" decoding=\"async\" aria-describedby=\"caption-attachment-186\" class=\"wp-image-186 size-full\" src=\"https:\/\/vayu.se\/wp-content\/uploads\/2020\/09\/IMG_3037-1024x768.jpeg\" alt=\"\" width=\"5000\" height=\"3337\"><\/a><p id=\"caption-attachment-186\" class=\"wp-caption-text\">Birgitta Kjellin<\/p><\/div>\n<p>&nbsp;<\/p>\n<p>&nbsp;<\/p>\n","protected":false},"excerpt":{"rendered":"<p>Klicka p\u00e5 bilderna f\u00f6r att l\u00e4sa om v\u00e5ra l\u00e4rare! &nbsp; &nbsp; &nbsp; &nbsp;<\/p>\n","protected":false},"author":1,"featured_media":0,"parent":0,"menu_order":0,"comment_status":"closed","ping_status":"closed","template":"","meta":{"ngg_post_thumbnail":0,"footnotes":""},"class_list":["post-80","page","type-page","status-publish","hentry","et-no-image","et-bg-layout-dark","et-white-bg"],"aioseo_notices":[],"_links":{"self":[{"href":"https:\/\/vayu.se\/index.php?rest_route=\/wp\/v2\/pages\/80"}],"collection":[{"href":"https:\/\/vayu.se\/index.php?rest_route=\/wp\/v2\/pages"}],"about":[{"href":"https:\/\/vayu.se\/index.php?rest_route=\/wp\/v2\/types\/page"}],"author":[{"embeddable":true,"href":"https:\/\/vayu.se\/index.php?rest_route=\/wp\/v2\/users\/1"}],"replies":[{"embeddable":true,"href":"https:\/\/vayu.se\/index.php?rest_route=%2Fwp%2Fv2%2Fcomments&post=80"}],"version-history":[{"count":30,"href":"https:\/\/vayu.se\/index.php?rest_route=\/wp\/v2\/pages\/80\/revisions"}],"predecessor-version":[{"id":39802,"href":"https:\/\/vayu.se\/index.php?rest_route=\/wp\/v2\/pages\/80\/revisions\/39802"}],"wp:attachment":[{"href":"https:\/\/vayu.se\/index.php?rest_route=%2Fwp%2Fv2%2Fmedia&parent=80"}],"curies":[{"name":"wp","href":"https:\/\/api.w.org\/{rel}","templated":true}]}}