{"id":35876,"date":"2018-12-17T22:18:29","date_gmt":"2018-12-17T21:18:29","guid":{"rendered":"http:\/\/vayu.se\/?page_id=35876"},"modified":"2025-05-01T10:41:46","modified_gmt":"2025-05-01T08:41:46","slug":"hands-down","status":"publish","type":"page","link":"https:\/\/vayu.se\/?page_id=35876","title":{"rendered":"Traumaanpassad yoga (TAY)"},"content":{"rendered":"<p><strong>Tay f\u00f6r m\u00e4n<\/strong><br>I gruppen m\u00f6ts vi f\u00f6r att l\u00e4ka. Vi m\u00f6ts som j\u00e4mlikar och bygger trygghet tillsammans under den timmen vi ses. Vi startar varje tillf\u00e4lle med yoga och avslutar med ett gruppsamtal d\u00e4r man delar och deltar om och n\u00e4r man k\u00e4nner sig trygg. Intentionen \u00e4r att finna en inre trygghet och bli fri sitt inre f\u00e4ngelse genom att m\u00f6ta sig sj\u00e4lv med medk\u00e4nsla.<\/p><p>Gruppen leds av Fredrik Wretman som \u00e4r Compassionate inquiry practitioner och under utbildning i Traumaanpassad yoga och handleds av Josefin Wikstr\u00f6m som \u00e4r grundare av Traumaanpassad yoga, TAY, Sverige.<\/p><p>Kontakta g\u00e4rna Fredrik om du har fr\u00e5gor om den h\u00e4r klassen.\nfredrik.wretman@konciensia.se<\/p><p><strong>TAY f\u00f6r kvinnor<\/strong><br>Just nu har vi inga klasser f\u00f6r kvinnor. Men kontakta oss g\u00e4rna <a href=\"https:\/\/vayu.se\/?page_id=138\" target=\"_blank\" rel=\"noopener\" title=\"\">h\u00e4r<\/a> om du \u00e4r intresserad.<br><br>\u00a0<br><br>\u00a0<\/p>","protected":false},"excerpt":{"rendered":"<p>Tay f\u00f6r m\u00e4nI gruppen m\u00f6ts vi f\u00f6r att l\u00e4ka. Vi m\u00f6ts som j\u00e4mlikar och bygger trygghet tillsammans under den timmen vi ses. Vi startar varje tillf\u00e4lle med yoga och avslutar med ett gruppsamtal d\u00e4r man delar och deltar om och n\u00e4r man k\u00e4nner sig trygg. Intentionen \u00e4r att finna en inre trygghet och bli fri sitt inre f\u00e4ngelse genom att m\u00f6ta sig sj\u00e4lv med medk\u00e4nsla. Gruppen leds av Fredrik Wretman som \u00e4r Compassionate inquiry practitioner och under utbildning i Traumaanpassad yoga och handleds av Josefin Wikstr\u00f6m som \u00e4r grundare av&#8230;<a class=\"read-more\" href=\"https:\/\/vayu.se\/?page_id=35876\">read more<\/a><\/p>\n","protected":false},"author":2,"featured_media":0,"parent":0,"menu_order":0,"comment_status":"closed","ping_status":"closed","template":"","meta":{"ngg_post_thumbnail":0,"footnotes":""},"class_list":["post-35876","page","type-page","status-publish","hentry","et-no-image","et-bg-layout-dark","et-white-bg"],"aioseo_notices":[],"_links":{"self":[{"href":"https:\/\/vayu.se\/index.php?rest_route=\/wp\/v2\/pages\/35876"}],"collection":[{"href":"https:\/\/vayu.se\/index.php?rest_route=\/wp\/v2\/pages"}],"about":[{"href":"https:\/\/vayu.se\/index.php?rest_route=\/wp\/v2\/types\/page"}],"author":[{"embeddable":true,"href":"https:\/\/vayu.se\/index.php?rest_route=\/wp\/v2\/users\/2"}],"replies":[{"embeddable":true,"href":"https:\/\/vayu.se\/index.php?rest_route=%2Fwp%2Fv2%2Fcomments&post=35876"}],"version-history":[{"count":19,"href":"https:\/\/vayu.se\/index.php?rest_route=\/wp\/v2\/pages\/35876\/revisions"}],"predecessor-version":[{"id":39832,"href":"https:\/\/vayu.se\/index.php?rest_route=\/wp\/v2\/pages\/35876\/revisions\/39832"}],"wp:attachment":[{"href":"https:\/\/vayu.se\/index.php?rest_route=%2Fwp%2Fv2%2Fmedia&parent=35876"}],"curies":[{"name":"wp","href":"https:\/\/api.w.org\/{rel}","templated":true}]}}