{"id":323,"date":"2016-11-22T12:37:01","date_gmt":"2016-11-22T12:37:01","guid":{"rendered":"http:\/\/vayu.se\/?page_id=323"},"modified":"2021-08-09T18:02:40","modified_gmt":"2021-08-09T16:02:40","slug":"foretagsyoga","status":"publish","type":"page","link":"https:\/\/vayu.se\/?page_id=323","title":{"rendered":"F\u00f6retagsyoga"},"content":{"rendered":"<p class=\"p1\">Allt fler f\u00f6retag ser de positiva effekterna av f\u00f6rebyggande h\u00e4lsov\u00e5rd och v\u00e4ljer att satsa p\u00e5 det f\u00f6r att \u00f6ka personalens v\u00e4lbefinnande. Med hj\u00e4lp av yoga kan de anst\u00e4llda bli starkare och smidigare, bli b\u00e4ttre p\u00e5 att fokusera och f\u00e5 mer energi. Vayu erbjuder f\u00f6retagsyoga, antingen i en lokal hos er eller i v\u00e5r lokal. Ni kan v\u00e4lja mellan n\u00e5gon av v\u00e5ra yogaformer p\u00e5 schemat eller terapeutisk yoga f\u00f6r t ex nacke, axlar och rygg. Tillsammans kan vi avg\u00f6ra vilken yogaform som passar b\u00e4st hos er.<br \/>\nVi st\u00e5r f\u00f6r yogamattor och andra hj\u00e4lpmedel som kan beh\u00f6vas.<\/p>\n<p class=\"p1\">Kontakta oss g\u00e4rna via mejl till info@vayu.se eller ring 0722-227212 f\u00f6r mer info eller offert om ni \u00e4r intresserade av en kurs eller om ni planerar en friskv\u00e5rdsdag eller prova-p\u00e5-aktivitet f\u00f6r er personal.<\/p>\n","protected":false},"excerpt":{"rendered":"<p>Allt fler f\u00f6retag ser de positiva effekterna av f\u00f6rebyggande h\u00e4lsov\u00e5rd och v\u00e4ljer att satsa p\u00e5 det f\u00f6r att \u00f6ka personalens v\u00e4lbefinnande. Med hj\u00e4lp av yoga kan de anst\u00e4llda bli starkare och smidigare, bli b\u00e4ttre p\u00e5 att fokusera och f\u00e5 mer energi. Vayu erbjuder f\u00f6retagsyoga, antingen i en lokal hos er eller i v\u00e5r lokal. Ni kan v\u00e4lja mellan n\u00e5gon av v\u00e5ra yogaformer p\u00e5 schemat eller terapeutisk yoga f\u00f6r t ex nacke, axlar och rygg. Tillsammans kan vi avg\u00f6ra vilken yogaform som passar b\u00e4st hos er. Vi st\u00e5r f\u00f6r yogamattor och&#8230;<a class=\"read-more\" href=\"https:\/\/vayu.se\/?page_id=323\">read more<\/a><\/p>\n","protected":false},"author":1,"featured_media":0,"parent":0,"menu_order":0,"comment_status":"closed","ping_status":"closed","template":"","meta":{"ngg_post_thumbnail":0,"footnotes":""},"class_list":["post-323","page","type-page","status-publish","hentry","et-no-image","et-bg-layout-dark","et-white-bg"],"aioseo_notices":[],"_links":{"self":[{"href":"https:\/\/vayu.se\/index.php?rest_route=\/wp\/v2\/pages\/323"}],"collection":[{"href":"https:\/\/vayu.se\/index.php?rest_route=\/wp\/v2\/pages"}],"about":[{"href":"https:\/\/vayu.se\/index.php?rest_route=\/wp\/v2\/types\/page"}],"author":[{"embeddable":true,"href":"https:\/\/vayu.se\/index.php?rest_route=\/wp\/v2\/users\/1"}],"replies":[{"embeddable":true,"href":"https:\/\/vayu.se\/index.php?rest_route=%2Fwp%2Fv2%2Fcomments&post=323"}],"version-history":[{"count":4,"href":"https:\/\/vayu.se\/index.php?rest_route=\/wp\/v2\/pages\/323\/revisions"}],"predecessor-version":[{"id":37652,"href":"https:\/\/vayu.se\/index.php?rest_route=\/wp\/v2\/pages\/323\/revisions\/37652"}],"wp:attachment":[{"href":"https:\/\/vayu.se\/index.php?rest_route=%2Fwp%2Fv2%2Fmedia&parent=323"}],"curies":[{"name":"wp","href":"https:\/\/api.w.org\/{rel}","templated":true}]}}