{"id":316,"date":"2016-11-22T12:36:18","date_gmt":"2016-11-22T12:36:18","guid":{"rendered":"http:\/\/vayu.se\/?page_id=316"},"modified":"2026-03-03T11:58:51","modified_gmt":"2026-03-03T10:58:51","slug":"intensivkurser-2","status":"publish","type":"page","link":"https:\/\/vayu.se\/?page_id=316","title":{"rendered":"Intensivkurser"},"content":{"rendered":"<hr class=\"wp-block-separator has-alpha-channel-opacity\"\/><figure class=\"wp-block-gallery aligncenter has-nested-images columns-default is-cropped wp-block-gallery-1 is-layout-flex wp-block-gallery-is-layout-flex\"><figure class=\"wp-block-image size-full\"><a href=\"https:\/\/vayu.se\/wp-content\/uploads\/2024\/10\/Vayubild.jpeg\"><img loading=\"lazy\" decoding=\"async\" width=\"1440\" height=\"1080\" data-id=\"39704\" src=\"https:\/\/vayu.se\/wp-content\/uploads\/2024\/10\/Vayubild.jpeg\" alt=\"\" class=\"wp-image-39704\" srcset=\"https:\/\/vayu.se\/wp-content\/uploads\/2024\/10\/Vayubild.jpeg 1440w, https:\/\/vayu.se\/wp-content\/uploads\/2024\/10\/Vayubild-300x225.jpeg 300w, https:\/\/vayu.se\/wp-content\/uploads\/2024\/10\/Vayubild-1024x768.jpeg 1024w, https:\/\/vayu.se\/wp-content\/uploads\/2024\/10\/Vayubild-768x576.jpeg 768w, https:\/\/vayu.se\/wp-content\/uploads\/2024\/10\/Vayubild-1320x990.jpeg 1320w, https:\/\/vayu.se\/wp-content\/uploads\/2024\/10\/Vayubild-600x450.jpeg 600w\" sizes=\"(max-width: 1440px) 100vw, 1440px\" \/><\/a><\/figure><\/figure><h2 class=\"wp-block-heading\">Workshop intro till Ashtangayoga l\u00f6rdag 28 mars 14.00-17.00<\/h2><p>Under den h\u00e4r introduktionen f\u00e5r du l\u00e4ra dig grunderna i Ashtangayoga enligt Sri K. Pattabhi Jois, en av Indiens st\u00f6rre yogatraditioner.<\/p><p>Kursinneh\u00e5ll:<br>* Du f\u00e5r en trygg introduktion till de st\u00e5ende st\u00e4llningarna i den f\u00f6rsta serien.<br>* Guidning i andningsteknik (Ujjayi sound), fokus (drishti) och kroppsst\u00e4llninger (asanas).<br>* \u00d6va p\u00e5 att koppla r\u00f6relse och andetag till ett harmoniskt fl\u00f6de.<br>* Prova en yogaform som st\u00e4rker kroppen, \u00f6kar r\u00f6rligheten och stillar sinnet.<br>* En f\u00f6rst\u00e5else f\u00f6r hur yogan kan bli en livsstil, inte bara tr\u00e4ning.<\/p><p>Den h\u00e4r kursen passar dig som:<br>* \u00e4r nyfiken p\u00e5 yoga och vill b\u00f6rja fr\u00e5n grunden<br>* l\u00e4ngtar efter mer balans och energi i vardagen<br>* vill bygga styrka, smidighet och fokus p\u00e5 ett h\u00e5llbart s\u00e4tt<br>* s\u00f6ker ett lugnare sinne genom en fysisk praktik<\/p><p>Inga f\u00f6rkunskaper kr\u00e4vs \u2013 bara nyfikenhet, vilja att l\u00e4ra och ett \u00f6ppet sinne.<br><br>L\u00f6rdag 28\/3 kl 14.00-17.00<br>L\u00e4rare: Bodil Dahlqvist Johansson<br>Pris: 495 kr<\/p><p>Anm\u00e4lan kan du g\u00f6ra <a href=\"https:\/\/www.bokadirekt.se\/places\/vayu-yoga-36300\" title=\"\">h\u00e4r<\/a>.<\/p><hr class=\"wp-block-separator has-alpha-channel-opacity\"\/><h2 class=\"wp-block-heading\">Workshop Ashtangayoga f\u00f6rdjupning s\u00f6ndag 29 mars 9.00-12.00<\/h2><p>Den h\u00e4r workshopen kr\u00e4ver grundl\u00e4ggande f\u00f6rkunskaper i Ashtangayoga (motsvarande introworkshop eller grundkurs).<\/p><p>Kursinneh\u00e5ll:<br>* Du f\u00e5r en trygg introduktion till de sittande st\u00e4llningarna som kommer efter de st\u00e5ende  i den f\u00f6rsta serien.<br>* Guidning i andningsteknik (Ujjayi sound), fokus (drishti) och kroppsst\u00e4llninger (asanas).<br>* \u00d6va p\u00e5 att koppla r\u00f6relse och andetag till ett harmoniskt fl\u00f6de.<br>* Prova en yogaform som st\u00e4rker kroppen, \u00f6kar r\u00f6rligheten och stillar sinnet.<br>* En f\u00f6rst\u00e5else f\u00f6r hur yogan kan bli en livsstil, inte bara tr\u00e4ning.<\/p><p>Den h\u00e4r kursen passar dig som:<br>* \u00e4r nyfiken p\u00e5 yoga och vill b\u00f6rja fr\u00e5n grunden<br>* l\u00e4ngtar efter mer balans och energi i vardagen<br>* vill bygga styrka, smidighet och fokus p\u00e5 ett h\u00e5llbart s\u00e4tt<br>* s\u00f6ker ett lugnare sinne genom en fysisk praktik<br><br>S\u00f6ndag 29\/3 kl 9.00-12.00<br>L\u00e4rare: Bodil Dahlqvist Johansson<br>Pris: 495 kr<\/p><p>Anm\u00e4lan kan du g\u00f6ra <a href=\"https:\/\/www.bokadirekt.se\/places\/vayu-yoga-36300\" title=\"\">h\u00e4r<\/a>.<\/p><hr class=\"wp-block-separator has-alpha-channel-opacity\"\/>","protected":false},"excerpt":{"rendered":"<p>Workshop intro till Ashtangayoga l\u00f6rdag 28 mars 14.00-17.00 Under den h\u00e4r introduktionen f\u00e5r du l\u00e4ra dig grunderna i Ashtangayoga enligt Sri K. Pattabhi Jois, en av Indiens st\u00f6rre yogatraditioner. Kursinneh\u00e5ll:* Du f\u00e5r en trygg introduktion till de st\u00e5ende st\u00e4llningarna i den f\u00f6rsta serien.* Guidning i andningsteknik (Ujjayi sound), fokus (drishti) och kroppsst\u00e4llninger (asanas).* \u00d6va p\u00e5 att koppla r\u00f6relse och andetag till ett harmoniskt fl\u00f6de.* Prova en yogaform som st\u00e4rker kroppen, \u00f6kar r\u00f6rligheten och stillar sinnet.* En f\u00f6rst\u00e5else f\u00f6r hur yogan kan bli en livsstil, inte bara tr\u00e4ning. Den h\u00e4r kursen&#8230;<a class=\"read-more\" href=\"https:\/\/vayu.se\/?page_id=316\">read more<\/a><\/p>\n","protected":false},"author":1,"featured_media":0,"parent":0,"menu_order":0,"comment_status":"closed","ping_status":"closed","template":"","meta":{"ngg_post_thumbnail":0,"footnotes":""},"class_list":["post-316","page","type-page","status-publish","hentry","et-no-image","et-bg-layout-dark","et-white-bg"],"aioseo_notices":[],"_links":{"self":[{"href":"https:\/\/vayu.se\/index.php?rest_route=\/wp\/v2\/pages\/316"}],"collection":[{"href":"https:\/\/vayu.se\/index.php?rest_route=\/wp\/v2\/pages"}],"about":[{"href":"https:\/\/vayu.se\/index.php?rest_route=\/wp\/v2\/types\/page"}],"author":[{"embeddable":true,"href":"https:\/\/vayu.se\/index.php?rest_route=\/wp\/v2\/users\/1"}],"replies":[{"embeddable":true,"href":"https:\/\/vayu.se\/index.php?rest_route=%2Fwp%2Fv2%2Fcomments&post=316"}],"version-history":[{"count":141,"href":"https:\/\/vayu.se\/index.php?rest_route=\/wp\/v2\/pages\/316\/revisions"}],"predecessor-version":[{"id":40054,"href":"https:\/\/vayu.se\/index.php?rest_route=\/wp\/v2\/pages\/316\/revisions\/40054"}],"wp:attachment":[{"href":"https:\/\/vayu.se\/index.php?rest_route=%2Fwp%2Fv2%2Fmedia&parent=316"}],"curies":[{"name":"wp","href":"https:\/\/api.w.org\/{rel}","templated":true}]}}