{"id":16,"date":"2015-08-12T19:34:25","date_gmt":"2015-08-12T19:34:25","guid":{"rendered":"http:\/\/vayu.se\/?page_id=16"},"modified":"2025-05-01T12:45:07","modified_gmt":"2025-05-01T10:45:07","slug":"yoga","status":"publish","type":"page","link":"https:\/\/vayu.se\/?page_id=16","title":{"rendered":"Kurser"},"content":{"rendered":"<p class=\"p1\"><span class=\"s1\">Hos oss har vi &nbsp;b\u00e5de kurser och drop-inklasser med f\u00f6ranm\u00e4lan via bokningstj\u00e4nsten Bokadirekt.<br \/>\nL\u00e4nk till bokningen hittar du under &#8221;Boka&#8221;<br \/>\nP\u00e5 alla drop-inklasser kan du anv\u00e4nda ditt 10- eller 5-kort, m\u00e5nadskort eller terminskort.&nbsp;<br \/>\nDu kan ocks\u00e5 betala f\u00f6r enstaka klass, men observera att vissa Ashtangayogaklasser kr\u00e4ver f\u00f6rkunskaper.<\/span><\/p>\n<p>Varmt v\u00e4lkommen!<\/p>\n","protected":false},"excerpt":{"rendered":"<p>Hos oss har vi &nbsp;b\u00e5de kurser och drop-inklasser med f\u00f6ranm\u00e4lan via bokningstj\u00e4nsten Bokadirekt. L\u00e4nk till bokningen hittar du under &#8221;Boka&#8221; P\u00e5 alla drop-inklasser kan du anv\u00e4nda ditt 10- eller 5-kort, m\u00e5nadskort eller terminskort.&nbsp; Du kan ocks\u00e5 betala f\u00f6r enstaka klass, men observera att vissa Ashtangayogaklasser kr\u00e4ver f\u00f6rkunskaper. Varmt v\u00e4lkommen!<\/p>\n","protected":false},"author":1,"featured_media":39839,"parent":0,"menu_order":0,"comment_status":"closed","ping_status":"closed","template":"","meta":{"ngg_post_thumbnail":0,"footnotes":""},"class_list":["post-16","page","type-page","status-publish","has-post-thumbnail","hentry","et-bg-layout-dark","et-white-bg"],"aioseo_notices":[],"_links":{"self":[{"href":"https:\/\/vayu.se\/index.php?rest_route=\/wp\/v2\/pages\/16"}],"collection":[{"href":"https:\/\/vayu.se\/index.php?rest_route=\/wp\/v2\/pages"}],"about":[{"href":"https:\/\/vayu.se\/index.php?rest_route=\/wp\/v2\/types\/page"}],"author":[{"embeddable":true,"href":"https:\/\/vayu.se\/index.php?rest_route=\/wp\/v2\/users\/1"}],"replies":[{"embeddable":true,"href":"https:\/\/vayu.se\/index.php?rest_route=%2Fwp%2Fv2%2Fcomments&post=16"}],"version-history":[{"count":14,"href":"https:\/\/vayu.se\/index.php?rest_route=\/wp\/v2\/pages\/16\/revisions"}],"predecessor-version":[{"id":38417,"href":"https:\/\/vayu.se\/index.php?rest_route=\/wp\/v2\/pages\/16\/revisions\/38417"}],"wp:featuredmedia":[{"embeddable":true,"href":"https:\/\/vayu.se\/index.php?rest_route=\/wp\/v2\/media\/39839"}],"wp:attachment":[{"href":"https:\/\/vayu.se\/index.php?rest_route=%2Fwp%2Fv2%2Fmedia&parent=16"}],"curies":[{"name":"wp","href":"https:\/\/api.w.org\/{rel}","templated":true}]}}