{"id":138,"date":"2016-01-25T14:34:16","date_gmt":"2016-01-25T14:34:16","guid":{"rendered":"http:\/\/vayu.se\/?page_id=138"},"modified":"2025-05-02T08:05:31","modified_gmt":"2025-05-02T06:05:31","slug":"kontakt","status":"publish","type":"page","link":"https:\/\/vayu.se\/?page_id=138","title":{"rendered":"Kontakt"},"content":{"rendered":"<p>Mejl: info@vayu.se&nbsp;<br>Mobil: 0722-227212&nbsp;<\/p>\n<p>Adress: Stohagsgatan 6B, 602 28 Norrk\u00f6ping<br><iframe loading=\"lazy\" style=\"border: 0;\" src=\"https:\/\/www.google.com\/maps\/embed?pb=!1m18!1m12!1m3!1d2079.6298591779114!2d16.203415851236862!3d58.58492267743384!2m3!1f0!2f0!3f0!3m2!1i1024!2i768!4f13.1!3m3!1m2!1s0x46593bab615fb2ad%3A0xa01343bd8ff41f06!2sStohagsgatan+6B%2C+602+29+Norrk%C3%B6ping!5e0!3m2!1ssv!2sse!4v1503862144093\" width=\"600\" height=\"450\" frameborder=\"0\" allowfullscreen=\"allowfullscreen\"><\/iframe><\/p><h2 class=\"wp-block-heading\">Kontakta oss!<\/h2><div class=\"wpforms-container wpforms-container-full\" id=\"wpforms-37816\"><form id=\"wpforms-form-37816\" class=\"wpforms-validate wpforms-form wpforms-ajax-form\" data-formid=\"37816\" method=\"post\" enctype=\"multipart\/form-data\" action=\"\/index.php?rest_route=%2Fwp%2Fv2%2Fpages%2F138\" data-token=\"8f8402e1315a9affd451b8214c558700\"><noscript class=\"wpforms-error-noscript\">Aktivera JavaScript i din webbl\u00e4sare f\u00f6r att slutf\u00f6ra detta formul\u00e4r.<\/noscript><div class=\"wpforms-field-container\"><div id=\"wpforms-37816-field_0-container\" class=\"wpforms-field wpforms-field-name\" data-field-id=\"0\"><label class=\"wpforms-field-label\" for=\"wpforms-37816-field_0\">Namn <span class=\"wpforms-required-label\">*<\/span><\/label><input type=\"text\" id=\"wpforms-37816-field_0\" class=\"wpforms-field-medium wpforms-field-required\" name=\"wpforms[fields][0]\" required><\/div><div id=\"wpforms-37816-field_1-container\" class=\"wpforms-field wpforms-field-email\" data-field-id=\"1\"><label class=\"wpforms-field-label\" for=\"wpforms-37816-field_1\">E-post <span class=\"wpforms-required-label\">*<\/span><\/label><input type=\"email\" id=\"wpforms-37816-field_1\" class=\"wpforms-field-medium wpforms-field-required\" name=\"wpforms[fields][1]\" required><\/div><div id=\"wpforms-37816-field_2-container\" class=\"wpforms-field wpforms-field-textarea\" data-field-id=\"2\"><label class=\"wpforms-field-label\" for=\"wpforms-37816-field_2\">Meddelande <span class=\"wpforms-required-label\">*<\/span><\/label><textarea id=\"wpforms-37816-field_2\" class=\"wpforms-field-medium wpforms-field-required\" name=\"wpforms[fields][2]\" required><\/textarea><\/div><\/div><div class=\"wpforms-submit-container\"><input type=\"hidden\" name=\"wpforms[id]\" value=\"37816\"><input type=\"hidden\" name=\"wpforms[author]\" value=\"1\">\t<div\n\t\t\tclass=\"h-captcha\"\n\t\t\tdata-sitekey=\"a6dc18e8-5104-44dd-b5e4-3105c154ea33\"\n\t\t\tdata-theme=\"light\"\n\t\t\tdata-size=\"normal\"\n\t\t\t\t\t\tdata-auto=\"false\">\n\t<\/div>\n\t<input type=\"hidden\" id=\"hcaptcha_wpforms_nonce\" name=\"hcaptcha_wpforms_nonce\" value=\"a8e385b675\" \/><input type=\"hidden\" name=\"_wp_http_referer\" value=\"\/index.php?rest_route=%2Fwp%2Fv2%2Fpages%2F138\" \/><button type=\"submit\" name=\"wpforms[submit]\" id=\"wpforms-submit-37816\" class=\"wpforms-submit\" data-alt-text=\"Skickar...\" data-submit-text=\"Skicka\" aria-live=\"assertive\" value=\"wpforms-submit\">Skicka<\/button><img loading=\"lazy\" decoding=\"async\" src=\"https:\/\/vayu.se\/wp-content\/plugins\/wpforms-lite\/assets\/images\/submit-spin.svg\" class=\"wpforms-submit-spinner\" style=\"display: none;\" width=\"26\" height=\"26\" alt=\"Laddar\"><\/div><\/form><\/div>  <!-- .wpforms-container --><p><\/p>","protected":false},"excerpt":{"rendered":"<p>Mejl: info@vayu.se&nbsp;Mobil: 0722-227212&nbsp; Adress: Stohagsgatan 6B, 602 28 Norrk\u00f6ping Kontakta oss!<\/p>\n","protected":false},"author":1,"featured_media":39860,"parent":0,"menu_order":0,"comment_status":"closed","ping_status":"closed","template":"","meta":{"ngg_post_thumbnail":0,"footnotes":""},"class_list":["post-138","page","type-page","status-publish","has-post-thumbnail","hentry","et-bg-layout-dark","et-white-bg"],"aioseo_notices":[],"_links":{"self":[{"href":"https:\/\/vayu.se\/index.php?rest_route=\/wp\/v2\/pages\/138"}],"collection":[{"href":"https:\/\/vayu.se\/index.php?rest_route=\/wp\/v2\/pages"}],"about":[{"href":"https:\/\/vayu.se\/index.php?rest_route=\/wp\/v2\/types\/page"}],"author":[{"embeddable":true,"href":"https:\/\/vayu.se\/index.php?rest_route=\/wp\/v2\/users\/1"}],"replies":[{"embeddable":true,"href":"https:\/\/vayu.se\/index.php?rest_route=%2Fwp%2Fv2%2Fcomments&post=138"}],"version-history":[{"count":24,"href":"https:\/\/vayu.se\/index.php?rest_route=\/wp\/v2\/pages\/138\/revisions"}],"predecessor-version":[{"id":37857,"href":"https:\/\/vayu.se\/index.php?rest_route=\/wp\/v2\/pages\/138\/revisions\/37857"}],"wp:featuredmedia":[{"embeddable":true,"href":"https:\/\/vayu.se\/index.php?rest_route=\/wp\/v2\/media\/39860"}],"wp:attachment":[{"href":"https:\/\/vayu.se\/index.php?rest_route=%2Fwp%2Fv2%2Fmedia&parent=138"}],"curies":[{"name":"wp","href":"https:\/\/api.w.org\/{rel}","templated":true}]}}